{"id":698,"date":"2021-03-05T18:10:56","date_gmt":"2021-03-05T17:10:56","guid":{"rendered":"https:\/\/lkermorgant.fr\/?page_id=698"},"modified":"2021-03-05T18:12:38","modified_gmt":"2021-03-05T17:12:38","slug":"mentions-legales","status":"publish","type":"page","link":"https:\/\/lkermorgant.fr\/?page_id=698","title":{"rendered":"Mentions l\u00e9gales"},"content":{"rendered":"\t\t<div data-elementor-type=\"wp-page\" data-elementor-id=\"698\" class=\"elementor elementor-698\" data-elementor-settings=\"[]\">\n\t\t\t\t\t\t\t<div class=\"elementor-section-wrap\">\n\t\t\t\t\t\t\t<section class=\"elementor-section elementor-top-section elementor-element elementor-element-1827ff5 elementor-section-boxed elementor-section-height-default elementor-section-height-default\" data-id=\"1827ff5\" data-element_type=\"section\">\n\t\t\t\t\t\t<div class=\"elementor-container elementor-column-gap-default\">\n\t\t\t\t\t<div class=\"elementor-column elementor-col-100 elementor-top-column elementor-element elementor-element-d2caab7\" data-id=\"d2caab7\" data-element_type=\"column\">\n\t\t\t<div class=\"elementor-widget-wrap elementor-element-populated\">\n\t\t\t\t\t\t\t\t<div class=\"elementor-element elementor-element-9ecc9fe elementor-widget elementor-widget-text-editor\" data-id=\"9ecc9fe\" data-element_type=\"widget\" data-widget_type=\"text-editor.default\">\n\t\t\t\t<div class=\"elementor-widget-container\">\n\t\t\t\t\t\t\t\t<p><em>Ce site est \u00e9dit\u00e9 par :<\/em><\/p><p><em>Laurence KERMORGANT<\/em><\/p><p><em>2, limprat 56150 GUENIN<\/em><\/p><p><em>T\u00e9l : 06 63 61 35 46<\/em><\/p><p><em>Nom du directeur de la publication : Laurence KERMORGANT<\/em><\/p><p><em>\u00a0<\/em><\/p><p>\u00a0<\/p><p>Ce site est h\u00e9berg\u00e9 par :\u00a0<\/p><p><span style=\"font-size: 15px;\">OVH, 2 rue Kellermann, 59100 Roubaix -France<\/span><\/p><p>\u00a0<\/p>\t\t\t\t\t\t<\/div>\n\t\t\t\t<\/div>\n\t\t\t\t\t<\/div>\n\t\t<\/div>\n\t\t\t\t\t\t\t<\/div>\n\t\t<\/section>\n\t\t\t\t\t\t<\/div>\n\t\t\t\t\t<\/div>\n\t\t","protected":false},"excerpt":{"rendered":"<p>Ce site est \u00e9dit\u00e9 par : Laurence KERMORGANT 2, limprat 56150 GUENIN T\u00e9l : 06 63 61 35 46 Nom du directeur de la publication : Laurence KERMORGANT \u00a0 \u00a0 Ce site est h\u00e9berg\u00e9 par :\u00a0 OVH, 2 rue Kellermann, 59100 Roubaix -France \u00a0<\/p>\n","protected":false},"author":1,"featured_media":0,"parent":0,"menu_order":0,"comment_status":"closed","ping_status":"closed","template":"","meta":{"spay_email":""},"yoast_head":"<!-- This site is optimized with the Yoast SEO plugin v16.8 - https:\/\/yoast.com\/wordpress\/plugins\/seo\/ -->\n<title>Mentions l\u00e9gales - G\u00eete Craou Bihan \u00e0 Argol, presqu&#039;\u00eele de Crozon<\/title>\n<meta name=\"robots\" content=\"index, follow, max-snippet:-1, max-image-preview:large, max-video-preview:-1\" \/>\n<link rel=\"canonical\" href=\"https:\/\/lkermorgant.fr\/?page_id=698\" \/>\n<meta property=\"og:locale\" content=\"fr_FR\" \/>\n<meta property=\"og:type\" content=\"article\" \/>\n<meta property=\"og:title\" content=\"Mentions l\u00e9gales - G\u00eete Craou Bihan \u00e0 Argol, presqu&#039;\u00eele de Crozon\" \/>\n<meta property=\"og:description\" content=\"Ce site est \u00e9dit\u00e9 par : Laurence KERMORGANT 2, limprat 56150 GUENIN T\u00e9l : 06 63 61 35 46 Nom du directeur de la publication : Laurence KERMORGANT \u00a0 \u00a0 Ce site est h\u00e9berg\u00e9 par :\u00a0 OVH, 2 rue Kellermann, 59100 Roubaix -France \u00a0\" \/>\n<meta property=\"og:url\" content=\"https:\/\/lkermorgant.fr\/?page_id=698\" \/>\n<meta property=\"og:site_name\" content=\"G\u00eete Craou Bihan \u00e0 Argol, presqu&#039;\u00eele de Crozon\" \/>\n<meta property=\"article:modified_time\" content=\"2021-03-05T17:12:38+00:00\" \/>\n<meta name=\"twitter:card\" content=\"summary_large_image\" \/>\n<script type=\"application\/ld+json\" class=\"yoast-schema-graph\">{\"@context\":\"https:\/\/schema.org\",\"@graph\":[{\"@type\":[\"Person\",\"Organization\"],\"@id\":\"https:\/\/lkermorgant.fr\/#\/schema\/person\/4702a84059b134dd8c0c9ba540c90e4d\",\"name\":\"GITE CRAOU BIHAN\",\"image\":{\"@type\":\"ImageObject\",\"@id\":\"https:\/\/lkermorgant.fr\/#personlogo\",\"inLanguage\":\"fr-FR\",\"url\":\"https:\/\/lkermorgant.fr\/wp-content\/uploads\/2021\/03\/salon-escalier-gite-craou-bihan-scaled.jpg\",\"contentUrl\":\"https:\/\/lkermorgant.fr\/wp-content\/uploads\/2021\/03\/salon-escalier-gite-craou-bihan-scaled.jpg\",\"width\":2560,\"height\":1920,\"caption\":\"GITE CRAOU BIHAN\"},\"logo\":{\"@id\":\"https:\/\/lkermorgant.fr\/#personlogo\"},\"sameAs\":[\"http:\/\/lkermorgant.fr\"]},{\"@type\":\"WebSite\",\"@id\":\"https:\/\/lkermorgant.fr\/#website\",\"url\":\"https:\/\/lkermorgant.fr\/\",\"name\":\"G\\u00eete Craou Bihan \\u00e0 Argol, presqu&#039;\\u00eele de Crozon\",\"description\":\"G\\u00eete de France 4 \\u00e9pis, situ\\u00e9 \\u00e0 Lezargol, pr\\u00e8s de la mer, FINISTERE, BRETAGNE\",\"publisher\":{\"@id\":\"https:\/\/lkermorgant.fr\/#\/schema\/person\/4702a84059b134dd8c0c9ba540c90e4d\"},\"potentialAction\":[{\"@type\":\"SearchAction\",\"target\":{\"@type\":\"EntryPoint\",\"urlTemplate\":\"https:\/\/lkermorgant.fr\/?s={search_term_string}\"},\"query-input\":\"required name=search_term_string\"}],\"inLanguage\":\"fr-FR\"},{\"@type\":\"WebPage\",\"@id\":\"https:\/\/lkermorgant.fr\/?page_id=698#webpage\",\"url\":\"https:\/\/lkermorgant.fr\/?page_id=698\",\"name\":\"Mentions l\\u00e9gales - G\\u00eete Craou Bihan \\u00e0 Argol, presqu&#039;\\u00eele de Crozon\",\"isPartOf\":{\"@id\":\"https:\/\/lkermorgant.fr\/#website\"},\"datePublished\":\"2021-03-05T17:10:56+00:00\",\"dateModified\":\"2021-03-05T17:12:38+00:00\",\"breadcrumb\":{\"@id\":\"https:\/\/lkermorgant.fr\/?page_id=698#breadcrumb\"},\"inLanguage\":\"fr-FR\",\"potentialAction\":[{\"@type\":\"ReadAction\",\"target\":[\"https:\/\/lkermorgant.fr\/?page_id=698\"]}]},{\"@type\":\"BreadcrumbList\",\"@id\":\"https:\/\/lkermorgant.fr\/?page_id=698#breadcrumb\",\"itemListElement\":[{\"@type\":\"ListItem\",\"position\":1,\"name\":\"Accueil\",\"item\":\"https:\/\/lkermorgant.fr\/\"},{\"@type\":\"ListItem\",\"position\":2,\"name\":\"Mentions l\\u00e9gales\"}]}]}<\/script>\n<!-- \/ Yoast SEO plugin. -->","yoast_head_json":{"title":"Mentions l\u00e9gales - G\u00eete Craou Bihan \u00e0 Argol, presqu&#039;\u00eele de Crozon","robots":{"index":"index","follow":"follow","max-snippet":"max-snippet:-1","max-image-preview":"max-image-preview:large","max-video-preview":"max-video-preview:-1"},"canonical":"https:\/\/lkermorgant.fr\/?page_id=698","og_locale":"fr_FR","og_type":"article","og_title":"Mentions l\u00e9gales - G\u00eete Craou Bihan \u00e0 Argol, presqu&#039;\u00eele de Crozon","og_description":"Ce site est \u00e9dit\u00e9 par : Laurence KERMORGANT 2, limprat 56150 GUENIN T\u00e9l : 06 63 61 35 46 Nom du directeur de la publication : Laurence KERMORGANT \u00a0 \u00a0 Ce site est h\u00e9berg\u00e9 par :\u00a0 OVH, 2 rue Kellermann, 59100 Roubaix -France \u00a0","og_url":"https:\/\/lkermorgant.fr\/?page_id=698","og_site_name":"G\u00eete Craou Bihan \u00e0 Argol, presqu&#039;\u00eele de Crozon","article_modified_time":"2021-03-05T17:12:38+00:00","twitter_card":"summary_large_image","schema":{"@context":"https:\/\/schema.org","@graph":[{"@type":["Person","Organization"],"@id":"https:\/\/lkermorgant.fr\/#\/schema\/person\/4702a84059b134dd8c0c9ba540c90e4d","name":"GITE CRAOU BIHAN","image":{"@type":"ImageObject","@id":"https:\/\/lkermorgant.fr\/#personlogo","inLanguage":"fr-FR","url":"https:\/\/lkermorgant.fr\/wp-content\/uploads\/2021\/03\/salon-escalier-gite-craou-bihan-scaled.jpg","contentUrl":"https:\/\/lkermorgant.fr\/wp-content\/uploads\/2021\/03\/salon-escalier-gite-craou-bihan-scaled.jpg","width":2560,"height":1920,"caption":"GITE CRAOU BIHAN"},"logo":{"@id":"https:\/\/lkermorgant.fr\/#personlogo"},"sameAs":["http:\/\/lkermorgant.fr"]},{"@type":"WebSite","@id":"https:\/\/lkermorgant.fr\/#website","url":"https:\/\/lkermorgant.fr\/","name":"G\u00eete Craou Bihan \u00e0 Argol, presqu&#039;\u00eele de Crozon","description":"G\u00eete de France 4 \u00e9pis, situ\u00e9 \u00e0 Lezargol, pr\u00e8s de la mer, FINISTERE, BRETAGNE","publisher":{"@id":"https:\/\/lkermorgant.fr\/#\/schema\/person\/4702a84059b134dd8c0c9ba540c90e4d"},"potentialAction":[{"@type":"SearchAction","target":{"@type":"EntryPoint","urlTemplate":"https:\/\/lkermorgant.fr\/?s={search_term_string}"},"query-input":"required name=search_term_string"}],"inLanguage":"fr-FR"},{"@type":"WebPage","@id":"https:\/\/lkermorgant.fr\/?page_id=698#webpage","url":"https:\/\/lkermorgant.fr\/?page_id=698","name":"Mentions l\u00e9gales - G\u00eete Craou Bihan \u00e0 Argol, presqu&#039;\u00eele de Crozon","isPartOf":{"@id":"https:\/\/lkermorgant.fr\/#website"},"datePublished":"2021-03-05T17:10:56+00:00","dateModified":"2021-03-05T17:12:38+00:00","breadcrumb":{"@id":"https:\/\/lkermorgant.fr\/?page_id=698#breadcrumb"},"inLanguage":"fr-FR","potentialAction":[{"@type":"ReadAction","target":["https:\/\/lkermorgant.fr\/?page_id=698"]}]},{"@type":"BreadcrumbList","@id":"https:\/\/lkermorgant.fr\/?page_id=698#breadcrumb","itemListElement":[{"@type":"ListItem","position":1,"name":"Accueil","item":"https:\/\/lkermorgant.fr\/"},{"@type":"ListItem","position":2,"name":"Mentions l\u00e9gales"}]}]}},"_links":{"self":[{"href":"https:\/\/lkermorgant.fr\/index.php?rest_route=\/wp\/v2\/pages\/698"}],"collection":[{"href":"https:\/\/lkermorgant.fr\/index.php?rest_route=\/wp\/v2\/pages"}],"about":[{"href":"https:\/\/lkermorgant.fr\/index.php?rest_route=\/wp\/v2\/types\/page"}],"author":[{"embeddable":true,"href":"https:\/\/lkermorgant.fr\/index.php?rest_route=\/wp\/v2\/users\/1"}],"replies":[{"embeddable":true,"href":"https:\/\/lkermorgant.fr\/index.php?rest_route=%2Fwp%2Fv2%2Fcomments&post=698"}],"version-history":[{"count":4,"href":"https:\/\/lkermorgant.fr\/index.php?rest_route=\/wp\/v2\/pages\/698\/revisions"}],"predecessor-version":[{"id":702,"href":"https:\/\/lkermorgant.fr\/index.php?rest_route=\/wp\/v2\/pages\/698\/revisions\/702"}],"wp:attachment":[{"href":"https:\/\/lkermorgant.fr\/index.php?rest_route=%2Fwp%2Fv2%2Fmedia&parent=698"}],"curies":[{"name":"wp","href":"https:\/\/api.w.org\/{rel}","templated":true}]}}